{"id":1659,"date":"2025-11-06T12:03:17","date_gmt":"2025-11-06T12:03:17","guid":{"rendered":"https:\/\/voltedge.vamtam.com\/?page_id=1659"},"modified":"2026-01-21T11:57:32","modified_gmt":"2026-01-21T11:57:32","slug":"politique-confidentialite","status":"publish","type":"page","link":"https:\/\/elgotechnics.be\/nl\/a-propos\/politique-confidentialite\/","title":{"rendered":"Politique de confidentialit\u00e9"},"content":{"rendered":"<div data-elementor-type=\"wp-page\" data-elementor-id=\"1659\" class=\"elementor elementor-1659\" data-elementor-post-type=\"page\">\n\t\t\t\t<div class=\"elementor-element elementor-element-00fa46b animated-fast e-flex e-con-boxed elementor-invisible e-con e-parent\" data-id=\"00fa46b\" data-element_type=\"container\" data-e-type=\"container\" data-settings=\"{&quot;animation&quot;:&quot;fadeIn&quot;,&quot;animation_delay&quot;:100}\">\n\t\t\t\t\t<div class=\"e-con-inner\">\n\t\t\t\t<div class=\"elementor-element elementor-element-18304fe elementor-widget elementor-widget-text-editor\" data-id=\"18304fe\" data-element_type=\"widget\" data-e-type=\"widget\" data-widget_type=\"text-editor.default\">\n\t\t\t\t<div class=\"elementor-widget-container\">\n\t\t\t\t\t\t\t\t\t<p class=\"p1\">Chez <b>Elgo Technics<\/b>, nous attachons une grande importance \u00e0 la protection de vos donn\u00e9es personnelles. Cette politique explique quelles informations nous collectons, comment nous les utilisons et vos droits \u00e0 ce sujet.<\/p>\t\t\t\t\t\t\t\t<\/div>\n\t\t\t\t<\/div>\n\t\t\t\t<div class=\"elementor-element elementor-element-5e834e7 elementor-widget elementor-widget-heading\" data-id=\"5e834e7\" data-element_type=\"widget\" data-e-type=\"widget\" data-widget_type=\"heading.default\">\n\t\t\t\t<div class=\"elementor-widget-container\">\n\t\t\t\t\t<h5 class=\"elementor-heading-title elementor-size-default\">1. Donn\u00e9es collect\u00e9es<\/h5>\t\t\t\t<\/div>\n\t\t\t\t<\/div>\n\t\t\t\t<div class=\"elementor-element elementor-element-6a47686 elementor-widget elementor-widget-text-editor\" data-id=\"6a47686\" data-element_type=\"widget\" data-e-type=\"widget\" data-widget_type=\"text-editor.default\">\n\t\t\t\t<div class=\"elementor-widget-container\">\n\t\t\t\t\t\t\t\t\t<p class=\"p1\">Lorsque vous utilisez notre site ou remplissez nos formulaires de contact, nous pouvons collecter :<\/p><ul class=\"ul1\"><li class=\"li1\">Votre <b>nom et pr\u00e9nom<\/b><\/li><li class=\"li1\">Votre <b>adresse email<\/b><\/li><li class=\"li1\">Votre <b>num\u00e9ro de t\u00e9l\u00e9phone<\/b><\/li><li class=\"li1\">Les <b>informations que vous fournissez dans le formulaire<\/b> (projet, message, remarques)<\/li><\/ul><p class=\"p1\">Aucune autre donn\u00e9e personnelle n\u2019est collect\u00e9e sans votre consentement explicite.<\/p>\t\t\t\t\t\t\t\t<\/div>\n\t\t\t\t<\/div>\n\t\t\t\t<div class=\"elementor-element elementor-element-ea055bb elementor-widget-divider--view-line elementor-widget elementor-widget-divider\" data-id=\"ea055bb\" data-element_type=\"widget\" data-e-type=\"widget\" data-widget_type=\"divider.default\">\n\t\t\t\t<div class=\"elementor-widget-container\">\n\t\t\t\t\t\t\t<div class=\"elementor-divider\">\n\t\t\t<span class=\"elementor-divider-separator\">\n\t\t\t\t\t\t<\/span>\n\t\t<\/div>\n\t\t\t\t\t\t<\/div>\n\t\t\t\t<\/div>\n\t\t\t\t<div class=\"elementor-element elementor-element-3bde437 elementor-widget elementor-widget-heading\" data-id=\"3bde437\" data-element_type=\"widget\" data-e-type=\"widget\" data-widget_type=\"heading.default\">\n\t\t\t\t<div class=\"elementor-widget-container\">\n\t\t\t\t\t<h5 class=\"elementor-heading-title elementor-size-default\">2. Utilisation des donn\u00e9es<\/h5>\t\t\t\t<\/div>\n\t\t\t\t<\/div>\n\t\t\t\t<div class=\"elementor-element elementor-element-7d48e55 elementor-widget elementor-widget-text-editor\" data-id=\"7d48e55\" data-element_type=\"widget\" data-e-type=\"widget\" data-widget_type=\"text-editor.default\">\n\t\t\t\t<div class=\"elementor-widget-container\">\n\t\t\t\t\t\t\t\t\t<p class=\"p1\">Vos informations sont utilis\u00e9es uniquement pour :<\/p><ul class=\"ul1\"><li class=\"li1\">R\u00e9pondre \u00e0 vos demandes et planifier vos visites techniques<\/li><li class=\"li1\">Vous fournir des informations sur nos services si vous l\u2019avez demand\u00e9<\/li><li class=\"li1\">Am\u00e9liorer notre site et nos services<\/li><\/ul><p class=\"p1\">Nous <b>ne partageons jamais vos donn\u00e9es avec des tiers<\/b> \u00e0 des fins commerciales.<\/p>\t\t\t\t\t\t\t\t<\/div>\n\t\t\t\t<\/div>\n\t\t\t\t<div class=\"elementor-element elementor-element-0b2ca29 elementor-widget-divider--view-line elementor-widget elementor-widget-divider\" data-id=\"0b2ca29\" data-element_type=\"widget\" data-e-type=\"widget\" data-widget_type=\"divider.default\">\n\t\t\t\t<div class=\"elementor-widget-container\">\n\t\t\t\t\t\t\t<div class=\"elementor-divider\">\n\t\t\t<span class=\"elementor-divider-separator\">\n\t\t\t\t\t\t<\/span>\n\t\t<\/div>\n\t\t\t\t\t\t<\/div>\n\t\t\t\t<\/div>\n\t\t\t\t<div class=\"elementor-element elementor-element-3a92669 elementor-widget elementor-widget-heading\" data-id=\"3a92669\" data-element_type=\"widget\" data-e-type=\"widget\" data-widget_type=\"heading.default\">\n\t\t\t\t<div class=\"elementor-widget-container\">\n\t\t\t\t\t<h5 class=\"elementor-heading-title elementor-size-default\">3. Cookies et technologies similaires<\/h5>\t\t\t\t<\/div>\n\t\t\t\t<\/div>\n\t\t\t\t<div class=\"elementor-element elementor-element-9ec0d95 elementor-widget elementor-widget-text-editor\" data-id=\"9ec0d95\" data-element_type=\"widget\" data-e-type=\"widget\" data-widget_type=\"text-editor.default\">\n\t\t\t\t<div class=\"elementor-widget-container\">\n\t\t\t\t\t\t\t\t\t<p class=\"p1\">Notre site peut utiliser des <b>cookies<\/b> pour am\u00e9liorer l\u2019exp\u00e9rience utilisateur, mesurer le trafic et optimiser notre site. Vous pouvez configurer votre navigateur pour refuser les cookies, mais certaines fonctionnalit\u00e9s pourraient \u00eatre limit\u00e9es.<\/p>\t\t\t\t\t\t\t\t<\/div>\n\t\t\t\t<\/div>\n\t\t\t\t<div class=\"elementor-element elementor-element-1cf99b7 elementor-widget-divider--view-line elementor-widget elementor-widget-divider\" data-id=\"1cf99b7\" data-element_type=\"widget\" data-e-type=\"widget\" data-widget_type=\"divider.default\">\n\t\t\t\t<div class=\"elementor-widget-container\">\n\t\t\t\t\t\t\t<div class=\"elementor-divider\">\n\t\t\t<span class=\"elementor-divider-separator\">\n\t\t\t\t\t\t<\/span>\n\t\t<\/div>\n\t\t\t\t\t\t<\/div>\n\t\t\t\t<\/div>\n\t\t\t\t<div class=\"elementor-element elementor-element-b712ce6 elementor-widget elementor-widget-heading\" data-id=\"b712ce6\" data-element_type=\"widget\" data-e-type=\"widget\" data-widget_type=\"heading.default\">\n\t\t\t\t<div class=\"elementor-widget-container\">\n\t\t\t\t\t<h5 class=\"elementor-heading-title elementor-size-default\">4. Conservation des donn\u00e9es<\/h5>\t\t\t\t<\/div>\n\t\t\t\t<\/div>\n\t\t\t\t<div class=\"elementor-element elementor-element-b739523 elementor-widget elementor-widget-text-editor\" data-id=\"b739523\" data-element_type=\"widget\" data-e-type=\"widget\" data-widget_type=\"text-editor.default\">\n\t\t\t\t<div class=\"elementor-widget-container\">\n\t\t\t\t\t\t\t\t\t<p class=\"p1\">Vos informations sont conserv\u00e9es <b>uniquement le temps n\u00e9cessaire<\/b> pour traiter votre demande et vous accompagner dans votre projet. Apr\u00e8s cette p\u00e9riode, elles sont supprim\u00e9es de mani\u00e8re s\u00e9curis\u00e9e.<\/p>\t\t\t\t\t\t\t\t<\/div>\n\t\t\t\t<\/div>\n\t\t\t\t<div class=\"elementor-element elementor-element-ba72737 elementor-widget-divider--view-line elementor-widget elementor-widget-divider\" data-id=\"ba72737\" data-element_type=\"widget\" data-e-type=\"widget\" data-widget_type=\"divider.default\">\n\t\t\t\t<div class=\"elementor-widget-container\">\n\t\t\t\t\t\t\t<div class=\"elementor-divider\">\n\t\t\t<span class=\"elementor-divider-separator\">\n\t\t\t\t\t\t<\/span>\n\t\t<\/div>\n\t\t\t\t\t\t<\/div>\n\t\t\t\t<\/div>\n\t\t\t\t<div class=\"elementor-element elementor-element-e8dc65c elementor-widget elementor-widget-heading\" data-id=\"e8dc65c\" data-element_type=\"widget\" data-e-type=\"widget\" data-widget_type=\"heading.default\">\n\t\t\t\t<div class=\"elementor-widget-container\">\n\t\t\t\t\t<h5 class=\"elementor-heading-title elementor-size-default\">5. Vos droits<\/h5>\t\t\t\t<\/div>\n\t\t\t\t<\/div>\n\t\t\t\t<div class=\"elementor-element elementor-element-38c86ad elementor-widget elementor-widget-text-editor\" data-id=\"38c86ad\" data-element_type=\"widget\" data-e-type=\"widget\" data-widget_type=\"text-editor.default\">\n\t\t\t\t<div class=\"elementor-widget-container\">\n\t\t\t\t\t\t\t\t\t<p class=\"p1\">Conform\u00e9ment au RGPD, vous disposez des droits suivants :<\/p><ul class=\"ul1\"><li class=\"li1\"><b>Acc\u00e8s<\/b> : conna\u00eetre les donn\u00e9es que nous d\u00e9tenons sur vous<\/li><li class=\"li1\"><b>Rectification<\/b> : corriger toute information incorrecte<\/li><li class=\"li1\"><b>Suppression<\/b> : demander la suppression de vos donn\u00e9es<\/li><li class=\"li1\"><b>Opposition<\/b> : vous opposer \u00e0 l\u2019utilisation de vos donn\u00e9es \u00e0 certaines fins<\/li><li class=\"li1\"><b>Portabilit\u00e9<\/b> : demander vos donn\u00e9es sous un format exploitable<\/li><\/ul><p class=\"p1\">Pour exercer vos droits, contactez-nous \u00e0 :<\/p><ul class=\"ul1\"><li class=\"li1\"><b>Email :<\/b> info@elgotechnics.be<\/li><li class=\"li1\"><b>T\u00e9l\u00e9phone :<\/b> +32 472 80 09 35<\/li><\/ul>\t\t\t\t\t\t\t\t<\/div>\n\t\t\t\t<\/div>\n\t\t\t\t<div class=\"elementor-element elementor-element-0979bbb elementor-widget-divider--view-line elementor-widget elementor-widget-divider\" data-id=\"0979bbb\" data-element_type=\"widget\" data-e-type=\"widget\" data-widget_type=\"divider.default\">\n\t\t\t\t<div class=\"elementor-widget-container\">\n\t\t\t\t\t\t\t<div class=\"elementor-divider\">\n\t\t\t<span class=\"elementor-divider-separator\">\n\t\t\t\t\t\t<\/span>\n\t\t<\/div>\n\t\t\t\t\t\t<\/div>\n\t\t\t\t<\/div>\n\t\t\t\t<div class=\"elementor-element elementor-element-16de584 elementor-widget elementor-widget-heading\" data-id=\"16de584\" data-element_type=\"widget\" data-e-type=\"widget\" data-widget_type=\"heading.default\">\n\t\t\t\t<div class=\"elementor-widget-container\">\n\t\t\t\t\t<h5 class=\"elementor-heading-title elementor-size-default\">6. S\u00e9curit\u00e9 des donn\u00e9es<\/h5>\t\t\t\t<\/div>\n\t\t\t\t<\/div>\n\t\t\t\t<div class=\"elementor-element elementor-element-6b6ee0e elementor-widget elementor-widget-text-editor\" data-id=\"6b6ee0e\" data-element_type=\"widget\" data-e-type=\"widget\" data-widget_type=\"text-editor.default\">\n\t\t\t\t<div class=\"elementor-widget-container\">\n\t\t\t\t\t\t\t\t\t<p class=\"p1\">Nous prenons toutes les mesures techniques et organisationnelles n\u00e9cessaires pour prot\u00e9ger vos donn\u00e9es personnelles contre tout acc\u00e8s non autoris\u00e9, perte ou divulgation.<\/p>\t\t\t\t\t\t\t\t<\/div>\n\t\t\t\t<\/div>\n\t\t\t\t<div class=\"elementor-element elementor-element-63a79e3 elementor-widget-divider--view-line elementor-widget elementor-widget-divider\" data-id=\"63a79e3\" data-element_type=\"widget\" data-e-type=\"widget\" data-widget_type=\"divider.default\">\n\t\t\t\t<div class=\"elementor-widget-container\">\n\t\t\t\t\t\t\t<div class=\"elementor-divider\">\n\t\t\t<span class=\"elementor-divider-separator\">\n\t\t\t\t\t\t<\/span>\n\t\t<\/div>\n\t\t\t\t\t\t<\/div>\n\t\t\t\t<\/div>\n\t\t\t\t<div class=\"elementor-element elementor-element-cffaf78 elementor-widget elementor-widget-heading\" data-id=\"cffaf78\" data-element_type=\"widget\" data-e-type=\"widget\" data-widget_type=\"heading.default\">\n\t\t\t\t<div class=\"elementor-widget-container\">\n\t\t\t\t\t<h5 class=\"elementor-heading-title elementor-size-default\">7. Modifications de la politique<\/h5>\t\t\t\t<\/div>\n\t\t\t\t<\/div>\n\t\t\t\t<div class=\"elementor-element elementor-element-591d5fe elementor-widget elementor-widget-text-editor\" data-id=\"591d5fe\" data-element_type=\"widget\" data-e-type=\"widget\" data-widget_type=\"text-editor.default\">\n\t\t\t\t<div class=\"elementor-widget-container\">\n\t\t\t\t\t\t\t\t\t<p class=\"p1\">Cette politique de confidentialit\u00e9 peut \u00eatre mise \u00e0 jour \u00e0 tout moment. Nous vous recommandons de la consulter r\u00e9guli\u00e8rement pour rester inform\u00e9 des \u00e9ventuelles modifications.<\/p>\t\t\t\t\t\t\t\t<\/div>\n\t\t\t\t<\/div>\n\t\t\t\t\t<\/div>\n\t\t\t\t<\/div>\n\t\t\t\t<\/div>","protected":false},"excerpt":{"rendered":"<p>Politique de confidentialit\u00e9<\/p>","protected":false},"author":1,"featured_media":0,"parent":39,"menu_order":0,"comment_status":"closed","ping_status":"closed","template":"","meta":{"footnotes":""},"class_list":["post-1659","page","type-page","status-publish","hentry"],"_links":{"self":[{"href":"https:\/\/elgotechnics.be\/nl\/wp-json\/wp\/v2\/pages\/1659","targetHints":{"allow":["GET"]}}],"collection":[{"href":"https:\/\/elgotechnics.be\/nl\/wp-json\/wp\/v2\/pages"}],"about":[{"href":"https:\/\/elgotechnics.be\/nl\/wp-json\/wp\/v2\/types\/page"}],"author":[{"embeddable":true,"href":"https:\/\/elgotechnics.be\/nl\/wp-json\/wp\/v2\/users\/1"}],"replies":[{"embeddable":true,"href":"https:\/\/elgotechnics.be\/nl\/wp-json\/wp\/v2\/comments?post=1659"}],"version-history":[{"count":8,"href":"https:\/\/elgotechnics.be\/nl\/wp-json\/wp\/v2\/pages\/1659\/revisions"}],"predecessor-version":[{"id":988358,"href":"https:\/\/elgotechnics.be\/nl\/wp-json\/wp\/v2\/pages\/1659\/revisions\/988358"}],"up":[{"embeddable":true,"href":"https:\/\/elgotechnics.be\/nl\/wp-json\/wp\/v2\/pages\/39"}],"wp:attachment":[{"href":"https:\/\/elgotechnics.be\/nl\/wp-json\/wp\/v2\/media?parent=1659"}],"curies":[{"name":"wp","href":"https:\/\/api.w.org\/{rel}","templated":true}]}}