{"id":1657,"date":"2025-11-06T12:03:03","date_gmt":"2025-11-06T12:03:03","guid":{"rendered":"https:\/\/voltedge.vamtam.com\/?page_id=1657"},"modified":"2026-01-21T11:56:21","modified_gmt":"2026-01-21T11:56:21","slug":"conditions-utilisation","status":"publish","type":"page","link":"https:\/\/elgotechnics.be\/nl\/a-propos\/conditions-utilisation\/","title":{"rendered":"Conditions d\u2019utilisation"},"content":{"rendered":"<div data-elementor-type=\"wp-page\" data-elementor-id=\"1657\" class=\"elementor elementor-1657\" data-elementor-post-type=\"page\">\n\t\t\t\t<div class=\"elementor-element elementor-element-2653719 animated-fast e-flex e-con-boxed elementor-invisible e-con e-parent\" data-id=\"2653719\" data-element_type=\"container\" data-e-type=\"container\" data-settings=\"{&quot;animation&quot;:&quot;fadeIn&quot;,&quot;animation_delay&quot;:100}\">\n\t\t\t\t\t<div class=\"e-con-inner\">\n\t\t\t\t<div class=\"elementor-element elementor-element-4255d15 elementor-widget elementor-widget-text-editor\" data-id=\"4255d15\" data-element_type=\"widget\" data-e-type=\"widget\" data-widget_type=\"text-editor.default\">\n\t\t\t\t<div class=\"elementor-widget-container\">\n\t\t\t\t\t\t\t\t\t<p class=\"p1\">Bienvenue sur le site <b>Elgo Technics<\/b>. En utilisant ce site, vous acceptez les pr\u00e9sentes conditions g\u00e9n\u00e9rales. Merci de les lire attentivement.<\/p>\t\t\t\t\t\t\t\t<\/div>\n\t\t\t\t<\/div>\n\t\t\t\t<div class=\"elementor-element elementor-element-037f4fc elementor-widget elementor-widget-heading\" data-id=\"037f4fc\" data-element_type=\"widget\" data-e-type=\"widget\" data-widget_type=\"heading.default\">\n\t\t\t\t<div class=\"elementor-widget-container\">\n\t\t\t\t\t<h5 class=\"elementor-heading-title elementor-size-default\">1. Utilisation du site<\/h5>\t\t\t\t<\/div>\n\t\t\t\t<\/div>\n\t\t\t\t<div class=\"elementor-element elementor-element-fd154bb elementor-widget elementor-widget-text-editor\" data-id=\"fd154bb\" data-element_type=\"widget\" data-e-type=\"widget\" data-widget_type=\"text-editor.default\">\n\t\t\t\t<div class=\"elementor-widget-container\">\n\t\t\t\t\t\t\t\t\t<p data-start=\"450\" data-end=\"794\">Le contenu de ce site (textes, images, informations techniques) est fourni \u00e0 titre informatif. Vous vous engagez \u00e0 utiliser le site de mani\u00e8re responsable et l\u00e9gale, sans tenter d\u2019acc\u00e9der \u00e0 des zones prot\u00e9g\u00e9es, d\u2019interf\u00e9rer avec le fonctionnement du site, ou d\u2019endommager ses contenus. Toute utilisation abusive peut entra\u00eener des poursuites.<\/p>\t\t\t\t\t\t\t\t<\/div>\n\t\t\t\t<\/div>\n\t\t\t\t<div class=\"elementor-element elementor-element-a3b26ab elementor-widget-divider--view-line elementor-widget elementor-widget-divider\" data-id=\"a3b26ab\" data-element_type=\"widget\" data-e-type=\"widget\" data-widget_type=\"divider.default\">\n\t\t\t\t<div class=\"elementor-widget-container\">\n\t\t\t\t\t\t\t<div class=\"elementor-divider\">\n\t\t\t<span class=\"elementor-divider-separator\">\n\t\t\t\t\t\t<\/span>\n\t\t<\/div>\n\t\t\t\t\t\t<\/div>\n\t\t\t\t<\/div>\n\t\t\t\t<div class=\"elementor-element elementor-element-864069b elementor-widget elementor-widget-heading\" data-id=\"864069b\" data-element_type=\"widget\" data-e-type=\"widget\" data-widget_type=\"heading.default\">\n\t\t\t\t<div class=\"elementor-widget-container\">\n\t\t\t\t\t<h5 class=\"elementor-heading-title elementor-size-default\">2. Services<\/h5>\t\t\t\t<\/div>\n\t\t\t\t<\/div>\n\t\t\t\t<div class=\"elementor-element elementor-element-0de75e5 elementor-widget elementor-widget-text-editor\" data-id=\"0de75e5\" data-element_type=\"widget\" data-e-type=\"widget\" data-widget_type=\"text-editor.default\">\n\t\t\t\t<div class=\"elementor-widget-container\">\n\t\t\t\t\t\t\t\t\t<p class=\"p1\">Les informations sur nos services sont fournies \u00e0 titre indicatif pour vous aider \u00e0 comprendre notre expertise et nos offres. Avant toute intervention, une <b>visite technique<\/b> est n\u00e9cessaire afin d\u2019\u00e9valuer vos besoins pr\u00e9cis\u00e9ment et proposer une solution adapt\u00e9e. Aucune prestation ou devis pr\u00e9cis ne peut \u00eatre garanti avant cette \u00e9tape.<\/p>\t\t\t\t\t\t\t\t<\/div>\n\t\t\t\t<\/div>\n\t\t\t\t<div class=\"elementor-element elementor-element-7371fdf elementor-widget-divider--view-line elementor-widget elementor-widget-divider\" data-id=\"7371fdf\" data-element_type=\"widget\" data-e-type=\"widget\" data-widget_type=\"divider.default\">\n\t\t\t\t<div class=\"elementor-widget-container\">\n\t\t\t\t\t\t\t<div class=\"elementor-divider\">\n\t\t\t<span class=\"elementor-divider-separator\">\n\t\t\t\t\t\t<\/span>\n\t\t<\/div>\n\t\t\t\t\t\t<\/div>\n\t\t\t\t<\/div>\n\t\t\t\t<div class=\"elementor-element elementor-element-39149e8 elementor-widget elementor-widget-heading\" data-id=\"39149e8\" data-element_type=\"widget\" data-e-type=\"widget\" data-widget_type=\"heading.default\">\n\t\t\t\t<div class=\"elementor-widget-container\">\n\t\t\t\t\t<h5 class=\"elementor-heading-title elementor-size-default\">3. Propri\u00e9t\u00e9 intellectuelle<\/h5>\t\t\t\t<\/div>\n\t\t\t\t<\/div>\n\t\t\t\t<div class=\"elementor-element elementor-element-169d08b elementor-widget elementor-widget-text-editor\" data-id=\"169d08b\" data-element_type=\"widget\" data-e-type=\"widget\" data-widget_type=\"text-editor.default\">\n\t\t\t\t<div class=\"elementor-widget-container\">\n\t\t\t\t\t\t\t\t\t<p class=\"p1\">Tous les contenus pr\u00e9sents sur ce site, y compris textes, images, logos et ic\u00f4nes, sont la propri\u00e9t\u00e9 d\u2019<b>Elgo Technics<\/b>. Toute reproduction, modification, distribution ou utilisation commerciale sans autorisation \u00e9crite est strictement interdite. Ces protections visent \u00e0 garantir l\u2019int\u00e9grit\u00e9 et la qualit\u00e9 de notre contenu.<\/p>\t\t\t\t\t\t\t\t<\/div>\n\t\t\t\t<\/div>\n\t\t\t\t<div class=\"elementor-element elementor-element-ecec118 elementor-widget-divider--view-line elementor-widget elementor-widget-divider\" data-id=\"ecec118\" data-element_type=\"widget\" data-e-type=\"widget\" data-widget_type=\"divider.default\">\n\t\t\t\t<div class=\"elementor-widget-container\">\n\t\t\t\t\t\t\t<div class=\"elementor-divider\">\n\t\t\t<span class=\"elementor-divider-separator\">\n\t\t\t\t\t\t<\/span>\n\t\t<\/div>\n\t\t\t\t\t\t<\/div>\n\t\t\t\t<\/div>\n\t\t\t\t<div class=\"elementor-element elementor-element-2f63b7a elementor-widget elementor-widget-heading\" data-id=\"2f63b7a\" data-element_type=\"widget\" data-e-type=\"widget\" data-widget_type=\"heading.default\">\n\t\t\t\t<div class=\"elementor-widget-container\">\n\t\t\t\t\t<h5 class=\"elementor-heading-title elementor-size-default\">4. Responsabilit\u00e9<\/h5>\t\t\t\t<\/div>\n\t\t\t\t<\/div>\n\t\t\t\t<div class=\"elementor-element elementor-element-a0138ac elementor-widget elementor-widget-text-editor\" data-id=\"a0138ac\" data-element_type=\"widget\" data-e-type=\"widget\" data-widget_type=\"text-editor.default\">\n\t\t\t\t<div class=\"elementor-widget-container\">\n\t\t\t\t\t\t\t\t\t<p class=\"p1\">Elgo Technics met tout en \u0153uvre pour fournir des informations exactes et fiables, mais ne peut \u00eatre tenue responsable des erreurs, omissions ou dommages li\u00e9s \u00e0 l\u2019utilisation de ce site. L\u2019utilisation du site se fait <b>sous votre responsabilit\u00e9<\/b>, et nous d\u00e9clinons toute responsabilit\u00e9 pour les probl\u00e8mes techniques ou pertes de donn\u00e9es pouvant survenir.<\/p>\t\t\t\t\t\t\t\t<\/div>\n\t\t\t\t<\/div>\n\t\t\t\t<div class=\"elementor-element elementor-element-a1b8aa5 elementor-widget-divider--view-line elementor-widget elementor-widget-divider\" data-id=\"a1b8aa5\" data-element_type=\"widget\" data-e-type=\"widget\" data-widget_type=\"divider.default\">\n\t\t\t\t<div class=\"elementor-widget-container\">\n\t\t\t\t\t\t\t<div class=\"elementor-divider\">\n\t\t\t<span class=\"elementor-divider-separator\">\n\t\t\t\t\t\t<\/span>\n\t\t<\/div>\n\t\t\t\t\t\t<\/div>\n\t\t\t\t<\/div>\n\t\t\t\t<div class=\"elementor-element elementor-element-be91f17 elementor-widget elementor-widget-heading\" data-id=\"be91f17\" data-element_type=\"widget\" data-e-type=\"widget\" data-widget_type=\"heading.default\">\n\t\t\t\t<div class=\"elementor-widget-container\">\n\t\t\t\t\t<h5 class=\"elementor-heading-title elementor-size-default\">5. Protection des donn\u00e9es<\/h5>\t\t\t\t<\/div>\n\t\t\t\t<\/div>\n\t\t\t\t<div class=\"elementor-element elementor-element-85368d3 elementor-widget elementor-widget-text-editor\" data-id=\"85368d3\" data-element_type=\"widget\" data-e-type=\"widget\" data-widget_type=\"text-editor.default\">\n\t\t\t\t<div class=\"elementor-widget-container\">\n\t\t\t\t\t\t\t\t\t<p class=\"p1\">Les informations personnelles collect\u00e9es via nos formulaires (nom, email, t\u00e9l\u00e9phone, message) sont utilis\u00e9es uniquement pour r\u00e9pondre \u00e0 vos demandes et planifier vos visites techniques. Ces donn\u00e9es sont prot\u00e9g\u00e9es conform\u00e9ment au RGPD et ne seront <b>jamais partag\u00e9es avec des tiers<\/b> sans votre consentement. Vous pouvez demander \u00e0 tout moment l\u2019acc\u00e8s, la modification ou la suppression de vos donn\u00e9es.<\/p>\t\t\t\t\t\t\t\t<\/div>\n\t\t\t\t<\/div>\n\t\t\t\t<div class=\"elementor-element elementor-element-78a9568 elementor-widget-divider--view-line elementor-widget elementor-widget-divider\" data-id=\"78a9568\" data-element_type=\"widget\" data-e-type=\"widget\" data-widget_type=\"divider.default\">\n\t\t\t\t<div class=\"elementor-widget-container\">\n\t\t\t\t\t\t\t<div class=\"elementor-divider\">\n\t\t\t<span class=\"elementor-divider-separator\">\n\t\t\t\t\t\t<\/span>\n\t\t<\/div>\n\t\t\t\t\t\t<\/div>\n\t\t\t\t<\/div>\n\t\t\t\t<div class=\"elementor-element elementor-element-164bb9d elementor-widget elementor-widget-heading\" data-id=\"164bb9d\" data-element_type=\"widget\" data-e-type=\"widget\" data-widget_type=\"heading.default\">\n\t\t\t\t<div class=\"elementor-widget-container\">\n\t\t\t\t\t<h5 class=\"elementor-heading-title elementor-size-default\">6. Modifications<\/h5>\t\t\t\t<\/div>\n\t\t\t\t<\/div>\n\t\t\t\t<div class=\"elementor-element elementor-element-8d044dc elementor-widget elementor-widget-text-editor\" data-id=\"8d044dc\" data-element_type=\"widget\" data-e-type=\"widget\" data-widget_type=\"text-editor.default\">\n\t\t\t\t<div class=\"elementor-widget-container\">\n\t\t\t\t\t\t\t\t\t<p class=\"p1\">Elgo Technics se r\u00e9serve le droit de modifier ces conditions g\u00e9n\u00e9rales \u00e0 tout moment, sans pr\u00e9avis. Les utilisateurs sont invit\u00e9s \u00e0 consulter r\u00e9guli\u00e8rement cette page pour prendre connaissance des mises \u00e0 jour. L\u2019utilisation continue du site constitue une acceptation de ces modifications.<\/p>\t\t\t\t\t\t\t\t<\/div>\n\t\t\t\t<\/div>\n\t\t\t\t<div class=\"elementor-element elementor-element-b92c1c4 elementor-widget-divider--view-line elementor-widget elementor-widget-divider\" data-id=\"b92c1c4\" data-element_type=\"widget\" data-e-type=\"widget\" data-widget_type=\"divider.default\">\n\t\t\t\t<div class=\"elementor-widget-container\">\n\t\t\t\t\t\t\t<div class=\"elementor-divider\">\n\t\t\t<span class=\"elementor-divider-separator\">\n\t\t\t\t\t\t<\/span>\n\t\t<\/div>\n\t\t\t\t\t\t<\/div>\n\t\t\t\t<\/div>\n\t\t\t\t<div class=\"elementor-element elementor-element-191d165 elementor-widget elementor-widget-heading\" data-id=\"191d165\" data-element_type=\"widget\" data-e-type=\"widget\" data-widget_type=\"heading.default\">\n\t\t\t\t<div class=\"elementor-widget-container\">\n\t\t\t\t\t<h5 class=\"elementor-heading-title elementor-size-default\">7. Contact<\/h5>\t\t\t\t<\/div>\n\t\t\t\t<\/div>\n\t\t\t\t<div class=\"elementor-element elementor-element-d4da40e elementor-widget elementor-widget-text-editor\" data-id=\"d4da40e\" data-element_type=\"widget\" data-e-type=\"widget\" data-widget_type=\"text-editor.default\">\n\t\t\t\t<div class=\"elementor-widget-container\">\n\t\t\t\t\t\t\t\t\t<p class=\"p1\">Pour toute question concernant ces conditions ou l\u2019utilisation de vos donn\u00e9es personnelles, vous pouvez nous contacter directement :<\/p><ul class=\"ul1\"><li class=\"li1\"><b>Email :<\/b> info@elgotechnics.be<\/li><li class=\"li1\"><b>T\u00e9l\u00e9phone :<\/b> +32 472 80 09 35<\/li><\/ul>\t\t\t\t\t\t\t\t<\/div>\n\t\t\t\t<\/div>\n\t\t\t\t\t<\/div>\n\t\t\t\t<\/div>\n\t\t\t\t<\/div>","protected":false},"excerpt":{"rendered":"<p>Conditions d\u2019utilisation<\/p>","protected":false},"author":1,"featured_media":0,"parent":39,"menu_order":0,"comment_status":"closed","ping_status":"closed","template":"","meta":{"footnotes":""},"class_list":["post-1657","page","type-page","status-publish","hentry"],"_links":{"self":[{"href":"https:\/\/elgotechnics.be\/nl\/wp-json\/wp\/v2\/pages\/1657","targetHints":{"allow":["GET"]}}],"collection":[{"href":"https:\/\/elgotechnics.be\/nl\/wp-json\/wp\/v2\/pages"}],"about":[{"href":"https:\/\/elgotechnics.be\/nl\/wp-json\/wp\/v2\/types\/page"}],"author":[{"embeddable":true,"href":"https:\/\/elgotechnics.be\/nl\/wp-json\/wp\/v2\/users\/1"}],"replies":[{"embeddable":true,"href":"https:\/\/elgotechnics.be\/nl\/wp-json\/wp\/v2\/comments?post=1657"}],"version-history":[{"count":17,"href":"https:\/\/elgotechnics.be\/nl\/wp-json\/wp\/v2\/pages\/1657\/revisions"}],"predecessor-version":[{"id":988355,"href":"https:\/\/elgotechnics.be\/nl\/wp-json\/wp\/v2\/pages\/1657\/revisions\/988355"}],"up":[{"embeddable":true,"href":"https:\/\/elgotechnics.be\/nl\/wp-json\/wp\/v2\/pages\/39"}],"wp:attachment":[{"href":"https:\/\/elgotechnics.be\/nl\/wp-json\/wp\/v2\/media?parent=1657"}],"curies":[{"name":"wp","href":"https:\/\/api.w.org\/{rel}","templated":true}]}}